{"id":1612,"date":"2025-10-09T16:01:42","date_gmt":"2025-10-09T16:01:42","guid":{"rendered":"https:\/\/turkistanpost.com\/a\/tehririy-mewqe-we-prinsiplar\/"},"modified":"2026-02-11T22:17:06","modified_gmt":"2026-02-11T22:17:06","slug":"tehririy-mewqe-we-prinsiplar","status":"publish","type":"page","link":"https:\/\/turkistanpost.com\/uyl\/a\/tehririy-mewqe-we-prinsiplar\/","title":{"rendered":"Tehririy mewqe we prinsiplar"},"content":{"rendered":"\n<p class=\"has-text-align-center has-white-color has-vivid-cyan-blue-background-color has-text-color has-background has-link-color wp-elements-0e6f25b0341c9d4f4bbd8fb09c542495\" style=\"font-size:15px\"><strong>\u00abSherqiy t\u00fcrkistan pochtisi\u00bb sherqiy t\u00fcrkistangha a&#8217;it xewerlirini xelqara qanun asasidiki mustemlikichiliktin qutulush, sirtqi \u00f6z teqdirini \u00f6zi belgilesh we musteqilliq pirinsiplirigha asaslanghan tehririy nuqti&#8217;inezer bilen bir terep qilidu.<\/strong><\/p>\n\n<p>Bu pirinsiplar mezkur neshriyatning sherqiy t\u00fcrkistan we uning xelqige tesir k\u00f6rsitiwatqan tarixiy, siyasiy we ijtima&#8217;iy r\u00e9&#8217;alliqlarni ch\u00fcshinishi we xewer qilishigha y\u00e9tekchilik qilidu.<\/p>\n\n<h4 class=\"wp-block-heading\"><strong>T\u00fcp nuqti&#8217;inezer<\/strong><\/h4>\n\n<p><strong><em>\u00abSherqiy t\u00fcrkistan pochtisi\u00bb <\/em><\/strong>sherqiy t\u00fcrkistanni \u00f6zige xas bir tarixiy we siyasiy gewde dep tonuydu hemde uning igilik hoquqi, ishghal qilinishi we kelg\u00fcsi ornigha alaqidar mesililerni jama&#8217;etchilik k\u00f6ng\u00fcl b\u00f6lidighan qanunluq we merkiziy mesililer s\u00fcpitide bir terep qilidu. \u00c9lan qilinghan yazmilar mustemlikichiliktin qutulush we musteqilliq etrapidiki munazirilerni quruq nezeriye emes, belki sherqiy t\u00fcrkistan xelqining meyli d\u00f6let ichide yaki muhajirette bolsun, emeliy turmushi we k\u00fcndilik hayatigha biwasite tesir k\u00f6rsitiwatqan ri&#8217;alliq dep tonuydu.<\/p>\n\n<h4 class=\"wp-block-heading\"><strong>Yadroluq mejburiyetler<\/strong><\/h4>\n\n<p><em>\u00abSherqiy t\u00fcrkistan pochtisi\u00bb t\u00f6wendikilerni mu&#8217;eyyenlesht\u00fcridu:<\/em><\/p>\n\n<ul class=\"wp-block-list\">\n<li>Xelqlerning xelqara qanun boyiche mustemlikichiliktin qutulush, tashqi \u00f6z teqdirini \u00f6zi belgilesh we musteqilliq hoquqi.<\/li>\n\n\n\n<li>Musteqil axbaratning sherqiy t\u00fcrkistangha ch\u00e9tishliq tereqqiyatlarni h\u00f6jjetlesht\u00fcr\u00fcsh, tehlil qilish we arqa k\u00f6r\u00fcn\u00fcsh bilen teminleshtiki roli.<\/li>\n\n\n\n<li>Mustemlikichilik h\u00f6k\u00fcmranliqi, ishghaliyet, basturush we d\u00f6let k\u00fcchining barliq shekillirini tenqidiy tehlil qilish mesuliyiti.<\/li>\n<\/ul>\n\n<h4 class=\"wp-block-heading\"><strong>Kespiy \u00f6lchemler<\/strong><\/h4>\n\n<p>Neshriyatimiz mustemlikichilikke qarshi turushtin ibaret \u00e9niq tehrirlik mewqiside ching turush bilen birge, barliq formatlarda delil-ispat, menbe k\u00f6rsitish we ashkariliqtin ibaret axbaratchiliq \u00f6lchemlirini tetbiqlaydu. \u00abXewerler\u00bb we \u00abtehliliy ch\u00fcshend\u00fcr\u00fcshler\u00bbde ispatlighili bolidighan pakitlar we arqa k\u00f6r\u00fcn\u00fcshl\u00fck melumatlargha aldinqi mertibide ehmiyet b\u00e9rilidu; \u00abobzorlar\u00bb we \u00abtehrirlik maqaliliri\u00bb bolsa ashu pakitliq asas da&#8217;irisidiki exlaqiy yaki teksh\u00fcr\u00fcsh xarakt\u00e9rlik k\u00f6z qarashlarni eks ett\u00fcridu.<\/p>\n\n<p>Neshriyatimiz xitayning sherqiy t\u00fcrkistan \u00fcstidiki igilik hoquq dewasini qanunlashturidighan yaki normallashturidighan, xitayning mustemlikichilik h\u00f6k\u00fcmranliqini yaqlaydighan yaki sherqiy t\u00fcrkistanning tashqi \u00f6z teqdirini \u00f6zi belgilesh hoquqini ret qilidighan mewqelerge \u00abterepsiz\u00bb yaki \u00abbarawer k\u00f6z qarash\u00bb dep mu&#8217;amile qilmaydu. Tehrirlik \u00f6lchemlirimiz xewer-melumatlarning basturush, yoqitish yaki mustemlikichilik kontrolluqini aqlaydighan bayanlarni wastiliq terghip qilmasliqigha yaki delillimeslikige kapaletlik qilidu.<\/p>\n\n<h4 class=\"wp-block-heading\"><strong>Sadaqet we musteqilliq<\/strong><\/h4>\n\n<p>Neshriyatimizning musteqilliqi kespiy we pikir erkinliki asasigha qurulghan. Maqale yollighuchilar we tehrirler sherqiy t\u00fcrkistanning musteqilliqige nisbeten ortaq sadaqetke ige bolsimu, emma barliq mat\u00e9riyallar pakitning toghriliqi, \u00e9niqliqi we <em>\u00abSherqiy t\u00fcrkistan pochtisi\u00bb<\/em>ning \u00f6lchemlirige uyghur k\u00e9lishi jehettin qattiq tehrirlik teksh\u00fcr\u00fcshidin \u00f6tidu. Bizning y\u00e9tekchi meqsitimiz \u2014 xelqni toghra uchur bilen teminlesh, estayidilliq bilen h\u00f6jjetlesht\u00fcr\u00fcsh we semimiyet bilen tehlil qilishtur.<\/p>\n","protected":false},"excerpt":{"rendered":"<p>\u00abSherqiy t\u00fcrkistan pochtisi\u00bb sherqiy t\u00fcrkistangha a&#8217;it xewerlirini xelqara qanun asasidiki mustemlikichiliktin qutulush, sirtqi \u00f6z teqdirini \u00f6zi belgilesh we musteqilliq pirinsiplirigha asaslanghan tehririy nuqti&#8217;inezer bilen bir terep qilidu. Bu pirinsiplar mezkur neshriyatning sherqiy t\u00fcrkistan we uning xelqige tesir k\u00f6rsitiwatqan tarixiy, siyasiy we ijtima&#8217;iy r\u00e9&#8217;alliqlarni ch\u00fcshinishi we xewer qilishigha y\u00e9tekchilik qilidu. T\u00fcp nuqti&#8217;inezer \u00abSherqiy t\u00fcrkistan pochtisi\u00bb sherqiy [&hellip;]<\/p>\n","protected":false},"author":1,"featured_media":0,"parent":1349,"menu_order":0,"comment_status":"closed","ping_status":"closed","template":"","meta":{"om_disable_all_campaigns":false,"_monsterinsights_skip_tracking":false,"_monsterinsights_sitenote_active":false,"_monsterinsights_sitenote_note":"","_monsterinsights_sitenote_category":0,"jnews_page_loop":[],"jnews_single_page":[],"footnotes":""},"class_list":["post-1612","page","type-page","status-publish","hentry"],"aioseo_notices":[],"_links":{"self":[{"href":"https:\/\/turkistanpost.com\/uyl\/wp-json\/wp\/v2\/pages\/1612","targetHints":{"allow":["GET"]}}],"collection":[{"href":"https:\/\/turkistanpost.com\/uyl\/wp-json\/wp\/v2\/pages"}],"about":[{"href":"https:\/\/turkistanpost.com\/uyl\/wp-json\/wp\/v2\/types\/page"}],"author":[{"embeddable":true,"href":"https:\/\/turkistanpost.com\/uyl\/wp-json\/wp\/v2\/users\/1"}],"replies":[{"embeddable":true,"href":"https:\/\/turkistanpost.com\/uyl\/wp-json\/wp\/v2\/comments?post=1612"}],"version-history":[{"count":1,"href":"https:\/\/turkistanpost.com\/uyl\/wp-json\/wp\/v2\/pages\/1612\/revisions"}],"predecessor-version":[{"id":1613,"href":"https:\/\/turkistanpost.com\/uyl\/wp-json\/wp\/v2\/pages\/1612\/revisions\/1613"}],"up":[{"embeddable":true,"href":"https:\/\/turkistanpost.com\/uyl\/wp-json\/wp\/v2\/pages\/1349"}],"wp:attachment":[{"href":"https:\/\/turkistanpost.com\/uyl\/wp-json\/wp\/v2\/media?parent=1612"}],"curies":[{"name":"wp","href":"https:\/\/api.w.org\/{rel}","templated":true}]}}