{"id":1349,"date":"2025-10-09T22:07:05","date_gmt":"2025-10-09T22:07:05","guid":{"rendered":"https:\/\/turkistanpost.com\/a\/"},"modified":"2026-02-19T18:36:05","modified_gmt":"2026-02-19T18:36:05","slug":"a","status":"publish","type":"page","link":"https:\/\/turkistanpost.com\/uyl\/a\/","title":{"rendered":"\u202bHeqqimizde"},"content":{"rendered":"\n<p class=\"has-text-align-center has-white-color has-vivid-cyan-blue-background-color has-text-color has-background has-link-color wp-elements-a8d79f10eb7f6789abea3a58ec809526\" style=\"font-size:14px\"><strong>\u00abSherqiy T\u00fcrkistan Pochtisi<\/strong>\u00bb musteqil, pida&#8217;iylar teripidin bashqurulidighan neshriyat bolup, <strong>Sherqiy T\u00fcrkistan<\/strong>, uning xelqi,<strong> shundaqla s\u00fcrg\u00fcndiki we xelqaradiki <\/strong>munasiwetlik y\u00e9ngiliqlarni xewer qilidu.<\/p>\n\n\n\n<p><strong>\u00ab<\/strong>Sherqiy T\u00fcrkistan Pochtisi\u00bb Sherqiy T\u00fcrkistan ichidiki weqeler, s\u00fcrg\u00fcndiki jemiyetler we organlarning pa&#8217;aliyetliri, xelqaraliq inkaslar, shundaqla d\u00f6let we xelqke tesir k\u00f6rsitidighan siyasiy, iqtisadiy, ijtima&#8217;iy, ilmiy we t\u00e9xnikiliq tereqqiyatlar heqqide xewer we analiz bilen teminleydu.<\/p>\n\n\n\n<p>Sherqiy T\u00fcrkistangha kirish qattiq cheklen&#8217;gen bir shara&#8217;itta, \u00abSherqiy T\u00fcrkistan Pochtisi\u00bb menbelerni estayidil tallash, mezmunni arqa k\u00f6r\u00fcn\u00fcsh bilen birlesht\u00fcr\u00fcp xewer qilish hemde resmiy dewa we bayanlarni tenqidiy k\u00f6z bilen teksh\u00fcr\u00fcshni aldinqi orungha qoyidu.<\/p>\n\n\n\n<p>\u00abSherqiy T\u00fcrkistan Pochtisi\u00bb Sherqiy T\u00fcrkistan s\u00fcrg\u00fcn taratquliri we medeniyet saheside pa&#8217;aliyet \u00e9lip baridu hemde s\u00fcrg\u00fcndiki organlar, siyasiy teshkilatlar we jemiyet torliri bilen kespiy munasiwetni saqlaydu. Dunyaning herqaysi jayliridiki tehrirler we qelemkeshler tetqiqat, adwokatliq we xelqara jemiyet tejribilirige ige bolghachqa, bu xil \u00f6zgichilik neshriyatimizning xelqara taratqularda toluq yorutulmighan yaki xata tonushturulghan sherqiy t\u00fcrkistangha a&#8217;it mesililerni xatirilishige we sherhlishige imkaniyet yaritidu.<\/p>\n\n\n\n<p><strong>\u202bBurchimiz<br><\/strong>\u00abSherqiy T\u00fcrkistan Pochtisi\u00bb ning burchi \u2014 dunyadiki oqurmenlerni Sherqiy T\u00fcrkistan we uning xelqige munasiwetlik tereqqiyatlardin xewerdar qilish, weqelerni xatirilesh we arqa k\u00f6r\u00fcn\u00fcshi bilen teminleshtin ibaret. Neshriyatimiz tarixiy we siyasiy arqa k\u00f6r\u00fcn\u00fcshke tayanghan kespiy, pakitliq jurnalistliq arqiliq, murekkep r\u00e9&#8217;alliq bilen xelqaraliq ch\u00fcshinish otturisidiki boshluqni toldurushni nishanlaydu.<\/p>\n\n\n\n<p><strong>Tehrirlik usulimiz<br><\/strong>\u00abSherqiy T\u00fcrkistan Pochtisi\u00bb xewer, tepsiliy ch\u00fcshend\u00fcr\u00fcsh we pikir-mulahize mezmunlirini \u00e9lan qilidighan bolup, ularning her biri \u00e9niq belge qoyulghan halda ayrim teqdim qilinidu.<\/p>\n\n\n\n<p><strong>Xewer:<\/strong> Sherqiy T\u00fcrkistan, s\u00fcrg\u00fcn jemiyiti we alaqidar xelqaraliq amillargha a&#8217;it ispatlanghan weqeler, bayanatlar we tereqqiyatlar heqqidiki xewerler.<\/p>\n\n\n\n<p><strong>Ch\u00fcshend\u00fcr\u00fcsh:<\/strong> murekkep yaki dawamlishiwatqan mesililerning tarixiy, siyasiy, qanuniy yaki t\u00e9xnikiliq analizini teminleydighan chongqur, mezmunluq jurnalistliq eserliri.<\/p>\n\n\n\n<p><strong>Pikir-mulahize:<\/strong> Shexsiy K\u00f6z qarashlarni eks ett\u00fcridighan bahalar; tehrirat maqaliliri neshriyatning ortaq meydanini ipadileydu.<\/p>\n\n\n\n<p>Xewer pa&#8217;aliyitimiz Sherqiy T\u00fcrkistanni merkez qilidu, emma meyli wetende yaki s\u00fcrg\u00fcnde bolsun, d\u00f6let we xelqke biwasite tesir k\u00f6rsitidighan xelqaraliq \u00f6zgirish we tereqqiyatlarghiche k\u00e9ngiyidu. Barliq xewerler pakitliq \u00e9niqliq, s\u00fcz\u00fckl\u00fck we mezmunning saghlamliqi jehette izchil tehrirlik \u00f6lchemlirige emel qilidu. Resmiy bayanatlar \u00e9niq menbe k\u00f6rsitilgen halda tenqidiy teksh\u00fcr\u00fclidu; ular hergizmu neshriyatning \u00f6z awazi s\u00fcpitide k\u00f6rsitilmeydu.<\/p>\n\n\n\n<p><strong>Exlaq, bixeterlik we mesuliyet<\/strong><br>Sherqiy T\u00fcrkistan bilen alaqisi bar shexsler duch k\u00e9liwatqan xeterlerni k\u00f6zde tutup, \u00abSherqiy T\u00fcrkistan Pochtisi\u00bb nazuk uchurlarni bir terep qilishta k\u00fcchl\u00fck tehrirlik h\u00f6k\u00fcmini qollinidu. Herqachan xelqning uchur \u00e9lish hoquqini qoghdash bilen bir waqitta, bixeterlik, mexpiyetlik we shexslerning raziliqini \u00e9lishqa k\u00f6ng\u00fcl b\u00f6limiz. Neshriyatimiz tehrirlik qararlirida s\u00fcz\u00fckl\u00fckke kapaletlik qilish bilen birge, z\u00f6r\u00fcr bolmighan ziyanlarning aldini \u00e9lishqa tirishidu.<\/p>\n\n\n\n<p><strong>\u202bOqurmenlirimiz<\/strong><br>\u00abSherqiy T\u00fcrkistan Pochtisi\u00bb Sherqiy T\u00fcrkistan we uning dunyawi ehmiyiti heqqide ishenchlik, chongqur jurnalistliq mezmunlirini izdeydighan oqurmenlerge, j\u00fcmlidin muxbirlar, tetqiqatchilar, siyaset belgilig\u00fcchiler, xelqara teshkilatlar we ammigha mulazimet qilidu.<\/p>\n\n\n\n<p><strong>Tehrirlik meydani we prinsipliri<br><\/strong>\u00abSherqiy T\u00fcrkistan Pochtisi\u00bb \u00f6z xewerlirige mustemlikichilikke qarshi turush, \u00f6z teqdirini \u00f6zi belgilesh we xelqara qanun asasidiki musteqilliq tayanch qilinghan ramka asasida pozitsiye tutidu. Bu prinsiplar neshriyatning Sherqiy T\u00fcrkistan we uning xelqige tesir k\u00f6rsitiwatqan tarixiy, siyasiy we ijtima&#8217;iy r\u00e9&#8217;alliqlarni qandaq ch\u00fcshinishi we xewer qilishigha y\u00e9tekchilik qilidu.<\/p>\n\n\n\n<p><strong>T\u00fcp k\u00f6z qarash<br><\/strong>Neshriyatimiz Sherqiy T\u00fcrkistanni ayrim tarixiy we siyasiy gewde dep \u00e9tirap qilidu; uning igilik hoquqi, b\u00e9siw\u00e9linishi we kelg\u00fcsi ornigha a&#8217;it mesililerni qanunluq we amma k\u00f6ng\u00fcl b\u00f6lidighan merkiziy mesile dep qaraydu. Xewerlirimiz mustemlikichilikke qarshi turush we musteqilliq munazirilirining nezeriyewi emes, beliki Sherqiy T\u00fcrkistan xelqining meyli d\u00f6let ichide yaki s\u00fcrg\u00fcnde bolsun, hayatliq kech\u00fcrmishlirini shekillend\u00fcridighanliqini \u00e9tirap qilidu.<\/p>\n\n\n\n<p><strong>Kespiy \u00f6lchemler<br><\/strong>Neshriyatimiz ochuq-ashkare mustemlikichilikke qarshi turush tehrirlik meydanida ching tursimu, emma barliq mezmunlarda pakit, menbe k\u00f6rsitish we s\u00fcz\u00fckl\u00fck jehettiki jurnalistliq \u00f6lchemlirini qollinidu. \u00abXewer\u00bb we \u00abch\u00fcshend\u00fcr\u00fcsh\u00bb mezmunlirida ispatlanghan pakitlar we mezmunluq xewer qilishni aldinqi orungha qoyidu; \u00abpikir-mulahize\u00bb we \u00abtehrirat maqaliliri\u00bb ashu pakitliq ramka ichidiki exlaqiy yaki analiz xarakt\u00e9rlik k\u00f6z qarashlarni eks ett\u00fcridu.<\/p>\n\n\n\n<p>Neshriyatimiz Xitayning Sherqiy T\u00fcrkistan \u00fcstidiki igilik hoquqi dewasini yolluq k\u00f6rsitidighan yaki normallashturidighan, xitay mustemlikichilik h\u00f6k\u00fcmranliqini qollaydighan yaki Sherqiy T\u00fcrkistanning \u00f6z teqdirini \u00f6zi belgilesh hoquqini ret qilidighan pozitsiyelerni \u00abbiterep\u00bb yaki \u00abtengpung\u00bb k\u00f6z qarash s\u00fcpitide qobul qilmaydu. Tehrirlik h\u00f6kmi xewerlerning zulum, yoqitish yaki mustemlikichilik kontrolluqini aqlaydighan bayanlarni qayta ishlepchiqarmasliqigha yaki mu&#8217;eyyenlesht\u00fcrmeslikige kapaletlik qilidu.<\/p>\n\n\n\n<p><strong>Sadiqliq we musteqilliq<br><\/strong>Neshriyatimizning musteqilliqi kespiy we eqliy jehettiki musteqilliqtur. Qelemkeshler we tehrirler Sherqiy T\u00fcrkistanning musteqilliqige bolghan ortaq iradige ige bolushi mumkin, emma barliq mat\u00e9riyallar pakitliq \u00e9niqliq, s\u00fcz\u00fckl\u00fck we \u00abSherqiy T\u00fcrkistan Pochtisi\u00bbning \u00f6lchemlirige uyghunluq jehettin qattiq tehrirlik teksh\u00fcr\u00fcshidin \u00f6tk\u00fcz\u00fclidu. Bizning y\u00e9tekchi meqsitimiz \u2014 \u00e9niqliq bilen uchur b\u00e9rish, estayidilliq bilen xatirilesh we sadiqliq bilen analiz qilishtur.<\/p>\n\n\n\n<p><strong>Tehrirlik rehberliki<br>Bash tehrir:<\/strong> Ghulam Yaghma<\/p>\n\n\n\n<p><em>\u00abSherqiy T\u00fcrkistan Pochtisi\u00bbning qandaq pa&#8217;aliyet \u00e9lip baridighanliqi we uning xewerlirige y\u00e9tekchilik qilidighan prinsiplar heqqide t\u00e9ximu k\u00f6p uchurlargha \u00e9rishish \u00fcch\u00fcn, bizning \u00ab<a href=\"https:\/\/turkistanpost.com\/uyl\/a\/tehrirlik-nizami\/\" title=\"tehrirlik nizamiz\">tehrirlik nizamiz<\/a>\u00bb we \u00ab<a href=\"https:\/\/turkistanpost.com\/uyl\/a\/tehririy-mewqe-we-prinsiplar\/\" title=\"\">tehrirlik mewqemiz we prinsiplirimiz<\/a>\u00bb betlirige qarang.<\/em><\/p>\n","protected":false},"excerpt":{"rendered":"<p>\u00abSherqiy T\u00fcrkistan Pochtisi\u00bb musteqil, pida&#8217;iylar teripidin bashqurulidighan neshriyat bolup, Sherqiy T\u00fcrkistan, uning xelqi, shundaqla s\u00fcrg\u00fcndiki we xelqaradiki munasiwetlik y\u00e9ngiliqlarni xewer qilidu. \u00abSherqiy T\u00fcrkistan Pochtisi\u00bb Sherqiy T\u00fcrkistan ichidiki weqeler, s\u00fcrg\u00fcndiki jemiyetler we organlarning pa&#8217;aliyetliri, xelqaraliq inkaslar, shundaqla d\u00f6let we xelqke tesir k\u00f6rsitidighan siyasiy, iqtisadiy, ijtima&#8217;iy, ilmiy we t\u00e9xnikiliq tereqqiyatlar heqqide xewer we analiz bilen teminleydu. Sherqiy [&hellip;]<\/p>\n","protected":false},"author":1,"featured_media":0,"parent":0,"menu_order":0,"comment_status":"closed","ping_status":"closed","template":"","meta":{"om_disable_all_campaigns":false,"_monsterinsights_skip_tracking":false,"_monsterinsights_sitenote_active":false,"_monsterinsights_sitenote_note":"","_monsterinsights_sitenote_category":0,"jnews_page_loop":[],"jnews_single_page":[],"footnotes":""},"class_list":["post-1349","page","type-page","status-publish","hentry"],"aioseo_notices":[],"_links":{"self":[{"href":"https:\/\/turkistanpost.com\/uyl\/wp-json\/wp\/v2\/pages\/1349","targetHints":{"allow":["GET"]}}],"collection":[{"href":"https:\/\/turkistanpost.com\/uyl\/wp-json\/wp\/v2\/pages"}],"about":[{"href":"https:\/\/turkistanpost.com\/uyl\/wp-json\/wp\/v2\/types\/page"}],"author":[{"embeddable":true,"href":"https:\/\/turkistanpost.com\/uyl\/wp-json\/wp\/v2\/users\/1"}],"replies":[{"embeddable":true,"href":"https:\/\/turkistanpost.com\/uyl\/wp-json\/wp\/v2\/comments?post=1349"}],"version-history":[{"count":4,"href":"https:\/\/turkistanpost.com\/uyl\/wp-json\/wp\/v2\/pages\/1349\/revisions"}],"predecessor-version":[{"id":1727,"href":"https:\/\/turkistanpost.com\/uyl\/wp-json\/wp\/v2\/pages\/1349\/revisions\/1727"}],"wp:attachment":[{"href":"https:\/\/turkistanpost.com\/uyl\/wp-json\/wp\/v2\/media?parent=1349"}],"curies":[{"name":"wp","href":"https:\/\/api.w.org\/{rel}","templated":true}]}}