{"id":1298,"date":"2025-10-09T22:07:05","date_gmt":"2025-10-09T22:07:05","guid":{"rendered":"https:\/\/turkistanpost.com\/hakkimizda\/"},"modified":"2026-01-06T00:37:10","modified_gmt":"2026-01-06T00:37:10","slug":"hakkimizda","status":"publish","type":"page","link":"https:\/\/turkistanpost.com\/tr\/hakkimizda\/","title":{"rendered":"Hakk\u0131m\u0131zda"},"content":{"rendered":"\n<p class=\"has-text-align-center has-white-color has-vivid-cyan-blue-background-color has-text-color has-background has-link-color wp-elements-510e7703f41664068cf63205bfc3fc26\"><strong><em>Do\u011fu T\u00fcrkistan Postas\u0131<\/em><\/strong>; Do\u011fu T\u00fcrkistan\u2019\u0131, halk\u0131n\u0131, s\u00fcrg\u00fcndeki topluluklar\u0131 ve uluslararas\u0131 geli\u015fmeleri takip eden, g\u00f6n\u00fcll\u00fcler taraf\u0131ndan y\u00f6netilen ba\u011f\u0131ms\u0131z bir&nbsp; yay\u0131n kurulu\u015fudur.<\/p>\n\n\n\n<p><em><strong>Do\u011fu T\u00fcrkistan Postas\u0131<\/strong><\/em>, Do\u011fu T\u00fcrkistan\u2019daki geli\u015fmeler, s\u00fcrg\u00fcndeki topluluklar ve kurumlar\u0131n faaliyetleri, uluslararas\u0131 tepkiler ile \u00fclkeyi ve halk\u0131n\u0131 etkileyen daha geni\u015f kapsaml\u0131 siyasi, ekonomik, toplumsal, bilimsel ve teknolojik geli\u015fmeler hakk\u0131nda haber ve analizler yay\u0131mlar.<\/p>\n\n\n\n<p>Do\u011fu T\u00fcrkistan\u2019a eri\u015fimin a\u011f\u0131r bi\u00e7imde k\u0131s\u0131tland\u0131\u011f\u0131 bir ortamda yay\u0131n yapan <em>Do\u011fu T\u00fcrkistan Postas<\/em>\u0131, titiz kaynak kullan\u0131m\u0131n\u0131, ba\u011flam\u0131 esas alan habercili\u011fi ve resm\u00ee a\u00e7\u0131klama ile anlat\u0131lar\u0131n ele\u015ftirel bi\u00e7imde de\u011ferlendirilmesini temel ilke olarak benimser.<\/p>\n\n\n\n<p><em>Do\u011fu T\u00fcrkistan Postas<\/em>\u0131, Do\u011fu T\u00fcrkistanl\u0131 s\u00fcrg\u00fcn bas\u0131n\u0131 ve sivil alan\u0131 i\u00e7inde faaliyet g\u00f6sterir; s\u00fcrg\u00fcndeki kurumlar, siyasi yap\u0131lar ve topluluk a\u011flar\u0131yla mesleki ili\u015fkiler y\u00fcr\u00fct\u00fcr. D\u00fcnyan\u0131n farkl\u0131 b\u00f6lgelerine yay\u0131lm\u0131\u015f yazar ve yay\u0131n kadrosu, ara\u015ft\u0131rma, savunuculuk ve sivil toplum alanlar\u0131nda deneyim sahibidir. Bu konum, uluslararas\u0131 medyada s\u0131kl\u0131kla eksik aktar\u0131lan ya da \u00e7arp\u0131t\u0131lan Do\u011fu T\u00fcrkistan\u2019a ili\u015fkin geli\u015fmelerin belgelenmesini ve yorumlanmas\u0131n\u0131 m\u00fcmk\u00fcn k\u0131lar.<\/p>\n\n\n\n<h4 class=\"wp-block-heading\"><strong>Amac\u0131m\u0131z<\/strong><\/h4>\n\n\n\n<p><em>Do\u011fu T\u00fcrkistan Postas\u0131<\/em>\u2019n\u0131n yay\u0131n amac\u0131, Do\u011fu T\u00fcrkistan\u2019\u0131 ve halk\u0131n\u0131 etkileyen geli\u015fmeleri d\u00fcnya genelindeki okurlara do\u011fru, anla\u015f\u0131l\u0131r ve ba\u011flam\u0131 korunmu\u015f bi\u00e7imde aktarmakt\u0131r. Yay\u0131n, tarihsel ve siyasal arka plana dayanan, kan\u0131ta dayal\u0131 ve mesleki habercilik yoluyla karma\u015f\u0131k ger\u00e7eklikler ile uluslararas\u0131 kamuoyu aras\u0131ndaki bilgi bo\u015flu\u011funu gidermeyi hedefler.<\/p>\n\n\n\n<h4 class=\"wp-block-heading\"><strong>Yay\u0131n Anlay\u0131\u015f\u0131<br><\/strong><\/h4>\n\n\n\n<p><em>Do\u011fu T\u00fcrkistan Postas\u0131<\/em>, haberler, incelemeler ve g\u00f6r\u00fc\u015f yaz\u0131lar\u0131 yay\u0131mlar. Her i\u00e7erik t\u00fcr\u00fc a\u00e7\u0131k bi\u00e7imde belirtilir ve birbirinden ayr\u0131 sunulur.<\/p>\n\n\n\n<p><strong>Haberler:<\/strong> Do\u011fu T\u00fcrkistan, s\u00fcrg\u00fcndeki topluluklar ve ilgili uluslararas\u0131 akt\u00f6rlerle ba\u011flant\u0131l\u0131 do\u011frulanabilir olaylar, a\u00e7\u0131klamalar ve geli\u015fmeler.<\/p>\n\n\n\n<p><strong>\u0130ncelemeler: <\/strong>S\u00fcreklilik arz eden veya karma\u015f\u0131k konulara ili\u015fkin tarihsel, siyasal, hukuki ya da teknik arka plan sunan ayr\u0131nt\u0131l\u0131 ve ba\u011flamsal \u00e7al\u0131\u015fmalar.<\/p>\n\n\n\n<p><strong>G\u00f6r\u00fc\u015f Yaz\u0131lar\u0131:<\/strong> Yazarlar\u0131n bireysel de\u011ferlendirmelerini yans\u0131tan metinler; ba\u015fyaz\u0131lar ise yay\u0131n\u0131n ortak yakla\u015f\u0131m\u0131n\u0131 ifade eder.<\/p>\n\n\n\n<p>Yay\u0131nlar\u0131n oda\u011f\u0131nda Do\u011fu T\u00fcrkistan yer al\u0131r; ancak \u00fclkeyi ve halk\u0131n\u0131 \u2014 hem anayurtta hem de s\u00fcrg\u00fcnde \u2014 do\u011frudan etkileyen uluslararas\u0131 geli\u015fmelere de yer verilir. T\u00fcm i\u00e7erikler do\u011fruluk, a\u00e7\u0131kl\u0131k ve ba\u011flam b\u00fct\u00fcnl\u00fc\u011f\u00fc esaslar\u0131na uygun bi\u00e7imde haz\u0131rlan\u0131r. Resm\u00ee a\u00e7\u0131klamalar a\u00e7\u0131k\u00e7a kayna\u011f\u0131 belirtilerek aktar\u0131l\u0131r ve ele\u015ftirel s\u00fczge\u00e7ten ge\u00e7irilir; yay\u0131n\u0131n kendi g\u00f6r\u00fc\u015f\u00fc olarak sunulmaz.<\/p>\n\n\n\n<h4 class=\"wp-block-heading\"><strong>Etik \u0130lkeler, G\u00fcvenlik ve Sorumluluk<\/strong><\/h4>\n\n\n\n<p>Do\u011fu T\u00fcrkistan\u2019la ba\u011flant\u0131l\u0131 ki\u015filerin kar\u015f\u0131 kar\u015f\u0131ya oldu\u011fu riskler g\u00f6z \u00f6n\u00fcnde bulundurularak <em>Do\u011fu T\u00fcrkistan Postas\u0131<\/em>, hassas bilgilerin kullan\u0131m\u0131nda y\u00fcksek d\u00fczeyde yay\u0131n sorumlulu\u011fu g\u00f6zetir. Kamunun haber alma hakk\u0131 korunurken, ki\u015fisel g\u00fcvenlik, \u00f6zel hayat\u0131n gizlili\u011fi ve a\u00e7\u0131k r\u0131za temel \u00f6ncelikler aras\u0131nda yer al\u0131r. Yay\u0131n, gereksiz zarardan ka\u00e7\u0131nmay\u0131 ve yay\u0131n kararlar\u0131nda \u015feffafl\u0131\u011f\u0131 esas al\u0131r.<\/p>\n\n\n\n<h4 class=\"wp-block-heading\"><strong>Okuyucu Kitlesi<\/strong><\/h4>\n\n\n\n<p><em>Do\u011fu T\u00fcrkistan Postas\u0131<\/em>, gazeteciler, ara\u015ft\u0131rmac\u0131lar, kamu y\u00f6netimi ve siyasi \u00e7evreler, sivil toplum kurulu\u015flar\u0131 ile genel kamuoyu d\u00e2hil olmak \u00fczere; Do\u011fu T\u00fcrkistan ve \u00fclkenin k\u00fcresel \u00f6nemi hakk\u0131nda g\u00fcvenilir ve ba\u011flam odakl\u0131 habercilik arayan t\u00fcm okurlara hizmet vermektedir.<\/p>\n\n\n\n<h4 class=\"wp-block-heading\"><strong>Yay\u0131n Tutumu ve \u0130lkeler<\/strong><\/h4>\n\n\n<p data-start=\"3579\" data-end=\"3918\"><em>Do\u011fu T\u00fcrkistan Postas\u0131,<\/em> haber ve de\u011ferlendirmelerini s\u00f6m\u00fcrgesizle\u015fme, kendi kaderini tayin hakk\u0131 ve uluslararas\u0131 hukuk \u00e7er\u00e7evesinde ba\u011f\u0131ms\u0131zl\u0131k ilkelerine dayanan bir bak\u0131\u015f a\u00e7\u0131s\u0131yla ele al\u0131r. Bu ilkeler, Do\u011fu T\u00fcrkistan\u2019\u0131 ve halk\u0131n\u0131 \u015fekillendiren tarihsel, siyasal ve toplumsal ger\u00e7ekliklerin yorumlanmas\u0131nda yol g\u00f6sterici niteliktedir.<\/p>\n\n\n<h4 class=\"wp-block-heading\"><strong>Temel Yakla\u015f\u0131m<\/strong><\/h4>\n\n\n\n<p>Yay\u0131n, Do\u011fu T\u00fcrkistan\u2019\u0131 \u00f6zg\u00fcn bir tarihsel ve siyasal varl\u0131k olarak kabul eder; egemenlik, i\u015fgal ve gelecekteki stat\u00fcs\u00fcne ili\u015fkin meseleleri me\u015fru ve kamuoyunu ilgilendiren temel konular olarak ele al\u0131r. S\u00f6m\u00fcrgesizle\u015fme ve ba\u011f\u0131ms\u0131zl\u0131k tart\u0131\u015fmalar\u0131n\u0131n kuramsal de\u011fil, Do\u011fu T\u00fcrkistan halk\u0131n\u0131n \u00fclkede ve s\u00fcrg\u00fcnde ya\u015fad\u0131\u011f\u0131 somut deneyimleri do\u011frudan etkileyen s\u00fcre\u00e7ler oldu\u011fu kabul edilir.<\/p>\n\n\n\n<h4 class=\"wp-block-heading\"><strong>Mesleki \u00d6l\u00e7\u00fctler<\/strong><\/h4>\n\n\n\n<p>Yay\u0131n, s\u00f6m\u00fcrgecili\u011fe kar\u015f\u0131 bir bak\u0131\u015f a\u00e7\u0131s\u0131na sahip olmakla birlikte, t\u00fcm i\u00e7eriklerinde kan\u0131t, kaynak g\u00f6sterme ve a\u00e7\u0131kl\u0131k esaslar\u0131na dayanan mesleki habercilik \u00f6l\u00e7\u00fctlerini uygular. Haberler ve incelemeler do\u011frulanabilir bilgilere \u00f6ncelik verir; g\u00f6r\u00fc\u015f yaz\u0131lar\u0131 ve ba\u015fyaz\u0131lar ise ayn\u0131 olgusal zemin \u00fczerinde de\u011ferlendirme sunar.<\/p>\n\n\n\n<p>\u00c7in\u2019in Do\u011fu T\u00fcrkistan \u00fczerindeki egemenlik iddialar\u0131n\u0131 me\u015frula\u015ft\u0131ran veya ola\u011fanla\u015ft\u0131ran yakla\u015f\u0131mlar, \u00c7in s\u00f6m\u00fcrgeci h\u00e2kimiyetini ya da Do\u011fu T\u00fcrkistan halk\u0131n\u0131n kendi kaderini tayin hakk\u0131n\u0131n ink\u00e2r\u0131n\u0131 savunan anlat\u0131lar tarafs\u0131z veya e\u015fde\u011fer g\u00f6r\u00fc\u015fler olarak kabul edilmez. Yay\u0131n politikas\u0131, bask\u0131y\u0131, silinmeyi ve s\u00f6m\u00fcrgeci denetimi hakl\u0131 g\u00f6steren s\u00f6ylemlerin yeniden \u00fcretilmesini engellemeyi esas al\u0131r.<\/p>\n\n\n\n<h4 class=\"wp-block-heading\"><strong>Ba\u011f\u0131ms\u0131zl\u0131k ve G\u00fcvenilirlik<\/strong><\/h4>\n\n\n\n<p><em>Do\u011fu T\u00fcrkistan Postas\u0131<\/em>\u2019n\u0131n ba\u011f\u0131ms\u0131zl\u0131\u011f\u0131 mesleki ve d\u00fc\u015f\u00fcnsel niteliktedir. Yazarlar ve yay\u0131n kadrosu Do\u011fu T\u00fcrkistan\u2019\u0131n ba\u011f\u0131ms\u0131zl\u0131\u011f\u0131na dair ortak bir duru\u015fa sahip olabilir; ancak yay\u0131mlanan t\u00fcm i\u00e7erikler do\u011fruluk, a\u00e7\u0131kl\u0131k ve yay\u0131n ilkeleriyle uyum a\u00e7\u0131s\u0131ndan titiz bir incelemeden ge\u00e7irilir. Yay\u0131n\u0131n temel amac\u0131 do\u011fru bilgilendirmek, dikkatle belgelemek ve g\u00fcvenilir analiz sunmakt\u0131r.<\/p>\n\n\n\n<h4 class=\"wp-block-heading\"><strong>Yay\u0131n Y\u00f6netimi<\/strong><\/h4>\n\n\n\n<p><strong>Genel Yay\u0131n Y\u00f6netmeni<\/strong>: \u011eulam Ya\u011fma<\/p>\n\n\n\n<blockquote class=\"wp-block-quote is-layout-flow wp-block-quote-is-layout-flow\">\n<p data-start=\"5554\" data-end=\"5724\"><em>Do\u011fu T\u00fcrkistan Postas\u0131\u2019n\u0131n \u00e7al\u0131\u015fma bi\u00e7imi ve yay\u0131n ilkeleri hakk\u0131nda ayr\u0131nt\u0131l\u0131 bilgi i\u00e7in <strong>Yay\u0131n Esaslar\u0131 <\/strong>ile <strong>Yay\u0131n Tutumu ve \u0130lkeler<\/strong> sayfalar\u0131na ba\u015fvurulabilir.<\/em><\/p>\n<\/blockquote>\n","protected":false},"excerpt":{"rendered":"<p>Do\u011fu T\u00fcrkistan Postas\u0131; Do\u011fu T\u00fcrkistan\u2019\u0131, halk\u0131n\u0131, s\u00fcrg\u00fcndeki topluluklar\u0131 ve uluslararas\u0131 geli\u015fmeleri takip eden, g\u00f6n\u00fcll\u00fcler taraf\u0131ndan y\u00f6netilen ba\u011f\u0131ms\u0131z bir&nbsp; yay\u0131n kurulu\u015fudur. Do\u011fu T\u00fcrkistan Postas\u0131, Do\u011fu T\u00fcrkistan\u2019daki geli\u015fmeler, s\u00fcrg\u00fcndeki topluluklar ve kurumlar\u0131n faaliyetleri, uluslararas\u0131 tepkiler ile \u00fclkeyi ve halk\u0131n\u0131 etkileyen daha geni\u015f kapsaml\u0131 siyasi, ekonomik, toplumsal, bilimsel ve teknolojik geli\u015fmeler hakk\u0131nda haber ve analizler yay\u0131mlar. Do\u011fu T\u00fcrkistan\u2019a [&hellip;]<\/p>\n","protected":false},"author":1,"featured_media":0,"parent":0,"menu_order":0,"comment_status":"closed","ping_status":"closed","template":"","meta":{"om_disable_all_campaigns":false,"_monsterinsights_skip_tracking":false,"_monsterinsights_sitenote_active":false,"_monsterinsights_sitenote_note":"","_monsterinsights_sitenote_category":0,"jnews_page_loop":[],"jnews_single_page":[],"footnotes":""},"class_list":["post-1298","page","type-page","status-publish","hentry"],"aioseo_notices":[],"_links":{"self":[{"href":"https:\/\/turkistanpost.com\/tr\/wp-json\/wp\/v2\/pages\/1298","targetHints":{"allow":["GET"]}}],"collection":[{"href":"https:\/\/turkistanpost.com\/tr\/wp-json\/wp\/v2\/pages"}],"about":[{"href":"https:\/\/turkistanpost.com\/tr\/wp-json\/wp\/v2\/types\/page"}],"author":[{"embeddable":true,"href":"https:\/\/turkistanpost.com\/tr\/wp-json\/wp\/v2\/users\/1"}],"replies":[{"embeddable":true,"href":"https:\/\/turkistanpost.com\/tr\/wp-json\/wp\/v2\/comments?post=1298"}],"version-history":[{"count":3,"href":"https:\/\/turkistanpost.com\/tr\/wp-json\/wp\/v2\/pages\/1298\/revisions"}],"predecessor-version":[{"id":1351,"href":"https:\/\/turkistanpost.com\/tr\/wp-json\/wp\/v2\/pages\/1298\/revisions\/1351"}],"wp:attachment":[{"href":"https:\/\/turkistanpost.com\/tr\/wp-json\/wp\/v2\/media?parent=1298"}],"curies":[{"name":"wp","href":"https:\/\/api.w.org\/{rel}","templated":true}]}}